{"id":7,"date":"2016-12-09T08:25:19","date_gmt":"2016-12-09T08:25:19","guid":{"rendered":"http:\/\/dominus.ee\/?page_id=7"},"modified":"2025-05-17T07:54:41","modified_gmt":"2025-05-17T07:54:41","slug":"home","status":"publish","type":"page","link":"https:\/\/dominus.ee\/","title":{"rendered":"Avaleht"},"content":{"rendered":"\n<div class=\"wp-block-columns alignfull is-layout-flex wp-container-core-columns-is-layout-1 wp-block-columns-is-layout-flex\">\n<div class=\"wp-block-column is-layout-flow wp-block-column-is-layout-flow\" style=\"flex-basis:100%\"><p class=\"fonts-plugin-block \" style=\"font-weight: normal;text-align: left;color: #000\">Dominus MC on loodud 2016 aastal Kaido poolt. Soov luua midagi omap\u00e4rast ja teistmoodi, kui paljudel\/enamustel klubidel, siis lasi teha endale esimese valge vesti.<br>Algselt olime RC (Riding Club) staatuses. MC staatuse omandasime 2024 aastal.<br><br>Dominus- ladina keeles peremees v\u00f5i omanik <br>MC- Motorcycle Club- Motoklubi<br>L\u00f5vi vapina- L\u00f5vid ei ela ainult \u00fcksinda ega paarikaupa, vaid ka suuremates r\u00fchmades <br><br>Kui sulle tundub, et tahaks p\u00fchenduda motoelule ja klubile, siis v\u00f5ib meiega \u00fchendust v\u00f5tta.<br><\/p><\/div>\n<\/div>\n\n\n\n<figure class=\"wp-block-image alignfull size-large\"><img fetchpriority=\"high\" decoding=\"async\" width=\"1024\" height=\"683\" src=\"http:\/\/dominus.ee\/wp-content\/uploads\/2020\/03\/IMG-602b5a8e811675b9b91782e015399b73-V-1024x683.jpg\" alt=\"\" class=\"wp-image-136\" srcset=\"https:\/\/dominus.ee\/wp-content\/uploads\/2020\/03\/IMG-602b5a8e811675b9b91782e015399b73-V-1024x683.jpg 1024w, https:\/\/dominus.ee\/wp-content\/uploads\/2020\/03\/IMG-602b5a8e811675b9b91782e015399b73-V-300x200.jpg 300w, https:\/\/dominus.ee\/wp-content\/uploads\/2020\/03\/IMG-602b5a8e811675b9b91782e015399b73-V-768x512.jpg 768w, https:\/\/dominus.ee\/wp-content\/uploads\/2020\/03\/IMG-602b5a8e811675b9b91782e015399b73-V-800x533.jpg 800w, https:\/\/dominus.ee\/wp-content\/uploads\/2020\/03\/IMG-602b5a8e811675b9b91782e015399b73-V.jpg 1080w\" sizes=\"(max-width: 1024px) 100vw, 1024px\" \/><\/figure>\n","protected":false},"excerpt":{"rendered":"","protected":false},"author":1,"featured_media":355,"parent":0,"menu_order":0,"comment_status":"closed","ping_status":"closed","template":"","meta":{"sfsi_plus_gutenberg_text_before_share":"","sfsi_plus_gutenberg_show_text_before_share":"","sfsi_plus_gutenberg_icon_type":"","sfsi_plus_gutenberg_icon_alignemt":"","sfsi_plus_gutenburg_max_per_row":"","ngg_post_thumbnail":0,"footnotes":""},"class_list":["post-7","page","type-page","status-publish","has-post-thumbnail","hentry"],"_links":{"self":[{"href":"https:\/\/dominus.ee\/index.php\/wp-json\/wp\/v2\/pages\/7","targetHints":{"allow":["GET"]}}],"collection":[{"href":"https:\/\/dominus.ee\/index.php\/wp-json\/wp\/v2\/pages"}],"about":[{"href":"https:\/\/dominus.ee\/index.php\/wp-json\/wp\/v2\/types\/page"}],"author":[{"embeddable":true,"href":"https:\/\/dominus.ee\/index.php\/wp-json\/wp\/v2\/users\/1"}],"replies":[{"embeddable":true,"href":"https:\/\/dominus.ee\/index.php\/wp-json\/wp\/v2\/comments?post=7"}],"version-history":[{"count":5,"href":"https:\/\/dominus.ee\/index.php\/wp-json\/wp\/v2\/pages\/7\/revisions"}],"predecessor-version":[{"id":629,"href":"https:\/\/dominus.ee\/index.php\/wp-json\/wp\/v2\/pages\/7\/revisions\/629"}],"wp:featuredmedia":[{"embeddable":true,"href":"https:\/\/dominus.ee\/index.php\/wp-json\/wp\/v2\/media\/355"}],"wp:attachment":[{"href":"https:\/\/dominus.ee\/index.php\/wp-json\/wp\/v2\/media?parent=7"}],"curies":[{"name":"wp","href":"https:\/\/api.w.org\/{rel}","templated":true}]}}